{"id":542,"date":"2025-01-16T14:14:26","date_gmt":"2025-01-16T13:14:26","guid":{"rendered":"https:\/\/simoneetanna.fr\/?page_id=542"},"modified":"2025-10-10T14:25:57","modified_gmt":"2025-10-10T12:25:57","slug":"evenements","status":"publish","type":"page","link":"https:\/\/simoneetanna.fr\/index.php\/evenements\/","title":{"rendered":"\u00c9v\u00e9nements"},"content":{"rendered":"\n<div style=\"height:55px\" aria-hidden=\"true\" class=\"wp-block-spacer\"><\/div>\n\n\n\n<h2 class=\"wp-block-heading has-text-align-center has-ast-global-color-2-color has-text-color has-link-color has-tan-meringue-font-family wp-elements-94fcbe5f56c7dee6a2cca789d1620528\" style=\"font-size:20px\">\u00c9v\u00e9nements uniques et sur mesure<\/h2>\n\n\n\n<hr class=\"wp-block-separator has-alpha-channel-opacity\"\/>\n\n\n\n<div style=\"height:48px\" aria-hidden=\"true\" class=\"wp-block-spacer\"><\/div>\n\n\n\n<div class=\"wp-block-columns is-layout-flex wp-container-core-columns-is-layout-98bf7535 wp-block-columns-is-layout-flex\" style=\"margin-top:0;margin-bottom:0;padding-top:var(--wp--preset--spacing--40);padding-right:var(--wp--preset--spacing--50);padding-bottom:var(--wp--preset--spacing--40);padding-left:var(--wp--preset--spacing--50)\">\n<div class=\"wp-block-column custom-event-layout is-layout-flow wp-block-column-is-layout-flow\" style=\"flex-basis:420px\">\n<figure class=\"wp-block-image aligncenter size-large custom-event-layout\"><img loading=\"lazy\" decoding=\"async\" width=\"1024\" height=\"767\" src=\"http:\/\/simoneetanna.fr\/wp-content\/uploads\/2025\/10\/SoleneClement-ColineBerger-07-06-2025-69-1024x767.jpg\" alt=\"\" class=\"wp-image-1578\" style=\"aspect-ratio:1;object-fit:cover\" srcset=\"https:\/\/simoneetanna.fr\/wp-content\/uploads\/2025\/10\/SoleneClement-ColineBerger-07-06-2025-69-1024x767.jpg 1024w, https:\/\/simoneetanna.fr\/wp-content\/uploads\/2025\/10\/SoleneClement-ColineBerger-07-06-2025-69-300x225.jpg 300w, https:\/\/simoneetanna.fr\/wp-content\/uploads\/2025\/10\/SoleneClement-ColineBerger-07-06-2025-69-768x575.jpg 768w, https:\/\/simoneetanna.fr\/wp-content\/uploads\/2025\/10\/SoleneClement-ColineBerger-07-06-2025-69-1536x1150.jpg 1536w, https:\/\/simoneetanna.fr\/wp-content\/uploads\/2025\/10\/SoleneClement-ColineBerger-07-06-2025-69-2048x1534.jpg 2048w\" sizes=\"auto, (max-width: 1024px) 100vw, 1024px\" \/><\/figure>\n<\/div>\n\n\n\n<div class=\"wp-block-column custom-event-layout is-layout-flow wp-block-column-is-layout-flow\" style=\"flex-basis:420px\">\n<h2 class=\"wp-block-heading has-text-align-left\" style=\"font-size:18px\"><strong>Des \u00e9v\u00e9nements qui marquent les esprits<\/strong><\/h2>\n\n\n\n<p class=\"has-text-align-left\">EVJF, baby shower, gender reveal, bapt\u00eame, anniversaires, demande en mariage&#8230; Nous nous chargeons de tout organiser pour vous !<\/p>\n\n\n\n<p class=\"has-text-align-left\">Avec des concepts cr\u00e9atifs et une touche de personnalisation, nous nous engageons \u00e0 rendre chaque f\u00eate aussi sp\u00e9ciale que les personnes qui la vivent.<\/p>\n\n\n\n<p class=\"has-text-align-left\"><strong>Tarif sur demande <\/strong>: <a href=\"https:\/\/simoneetanna.fr\/index.php\/contact\/\">contactez-nous<\/a> pour discuter de vos besoins sp\u00e9cifiques et obtenir un devis personnalis\u00e9.<\/p>\n<\/div>\n<\/div>\n\n\n\n<hr class=\"wp-block-separator aligncenter has-alpha-channel-opacity is-style-default\"\/>\n\n\n\n<div class=\"wp-block-columns is-layout-flex wp-container-core-columns-is-layout-307c16ac wp-block-columns-is-layout-flex\" style=\"margin-top:0;margin-bottom:0;padding-top:var(--wp--preset--spacing--40);padding-right:var(--wp--preset--spacing--50);padding-bottom:var(--wp--preset--spacing--40);padding-left:var(--wp--preset--spacing--50)\">\n<div class=\"wp-block-column custom-event-layout is-layout-flow wp-block-column-is-layout-flow\" style=\"flex-basis:420px\">\n<p class=\"has-text-align-right\" style=\"font-size:18px\"><strong>Des \u00e9v\u00e9nements pour votre entreprise<\/strong><\/p>\n\n\n\n<p class=\"has-text-align-right\">Nous accompagnons les entreprises dans l\u2019organisation de leurs \u00e9v\u00e9nements professionnels.<\/p>\n\n\n\n<p class=\"has-text-align-right\">Soir\u00e9e de gala, s\u00e9minaire, convention, inauguration, lancement de produit&#8230; Chaque \u00e9v\u00e9nement est pens\u00e9 pour r\u00e9pondre \u00e0 vos objectifs et refl\u00e9ter l\u2019image de votre entreprise.<\/p>\n\n\n\n<p class=\"has-text-align-right\"><strong>Tarif sur demande <\/strong>: <a href=\"https:\/\/simoneetanna.fr\/index.php\/contact\/\">contactez-nous<\/a> pour cr\u00e9er ensemble un \u00e9v\u00e9nement \u00e0 la hauteur de vos attentes.<\/p>\n<\/div>\n\n\n\n<div class=\"wp-block-column custom-event-layout is-layout-flow wp-block-column-is-layout-flow\" style=\"flex-basis:420px\">\n<figure class=\"wp-block-image aligncenter size-large custom-event-layout\"><a href=\"https:\/\/www.instagram.com\/simoneetanna\/?igsh=MXd6Y3J3bHlpdXNhdg%3D%3D&amp;utm_source=qr\" target=\"_blank\" rel=\"noopener\"><img loading=\"lazy\" decoding=\"async\" width=\"1848\" height=\"1847\" src=\"https:\/\/simoneetanna.fr\/wp-content\/uploads\/2025\/01\/Design-sans-titre-4-edited.png\" alt=\"\u00e9v\u00e9nement d'entreprise.\" class=\"wp-image-560\" srcset=\"https:\/\/simoneetanna.fr\/wp-content\/uploads\/2025\/01\/Design-sans-titre-4-edited.png 1848w, https:\/\/simoneetanna.fr\/wp-content\/uploads\/2025\/01\/Design-sans-titre-4-edited-300x300.png 300w, https:\/\/simoneetanna.fr\/wp-content\/uploads\/2025\/01\/Design-sans-titre-4-edited-1024x1024.png 1024w, https:\/\/simoneetanna.fr\/wp-content\/uploads\/2025\/01\/Design-sans-titre-4-edited-150x150.png 150w, https:\/\/simoneetanna.fr\/wp-content\/uploads\/2025\/01\/Design-sans-titre-4-edited-768x768.png 768w, https:\/\/simoneetanna.fr\/wp-content\/uploads\/2025\/01\/Design-sans-titre-4-edited-1536x1536.png 1536w\" sizes=\"auto, (max-width: 1848px) 100vw, 1848px\" \/><\/a><\/figure>\n<\/div>\n<\/div>\n\n\n\n<div style=\"height:74px\" aria-hidden=\"true\" class=\"wp-block-spacer\"><\/div>\n\n\n\n<div class=\"wp-block-group alignfull has-ast-global-color-3-background-color has-background is-layout-constrained wp-block-group-is-layout-constrained\">\n<h4 class=\"wp-block-heading has-text-align-center has-ast-global-color-1-color has-text-color has-link-color has-tan-meringue-font-family wp-elements-ae99500b4ad346edd308ea0d4335f8f7\" style=\"padding-top:var(--wp--preset--spacing--40);padding-bottom:var(--wp--preset--spacing--40);font-size:17px\">Echangeons autour de votre projet !<\/h4>\n\n\n\n<hr class=\"wp-block-separator has-text-color has-ast-global-color-1-color has-alpha-channel-opacity has-ast-global-color-1-background-color has-background is-style-default\"\/>\n\n\n\n<p class=\"has-text-align-center has-ast-global-color-1-color has-text-color has-link-color wp-elements-a608894799ed19054aaf0dbaba4fb9d0\">Parlez-nous de votre projet ! Nous mettons toute notre expertise au service de votre \u00e9v\u00e9nement pour que votre jour J soit une exp\u00e9rience inoubliable. <\/p>\n\n\n\n<div class=\"wp-block-buttons is-content-justification-center is-layout-flex wp-container-core-buttons-is-layout-fe1bbffc wp-block-buttons-is-layout-flex\" style=\"padding-top:var(--wp--preset--spacing--30);padding-bottom:var(--wp--preset--spacing--30)\">\n<div class=\"wp-block-button\"><a class=\"wp-block-button__link has-ast-global-color-1-color has-ast-global-color-2-background-color has-text-color has-background has-link-color has-custom-font-size wp-element-button\" href=\"https:\/\/simoneetanna.fr\/index.php\/contact\/\" style=\"padding-top:var(--wp--preset--spacing--30);padding-bottom:var(--wp--preset--spacing--30);font-size:16px\">EN SAVOIR PLUS<\/a><\/div>\n<\/div>\n<\/div>\n\n\n\n<div style=\"height:60px\" aria-hidden=\"true\" class=\"wp-block-spacer\"><\/div>\n\n\n\n<figure class=\"wp-block-image aligncenter size-large is-resized\"><a href=\"https:\/\/simoneetanna.fr\/\"><img loading=\"lazy\" decoding=\"async\" width=\"1024\" height=\"340\" src=\"http:\/\/simoneetanna.fr\/wp-content\/uploads\/2025\/01\/cropped-cropped-Simone-anna-6-1024x340.png\" alt=\"\" class=\"wp-image-99\" style=\"width:350px\" srcset=\"https:\/\/simoneetanna.fr\/wp-content\/uploads\/2025\/01\/cropped-cropped-Simone-anna-6-1024x340.png 1024w, https:\/\/simoneetanna.fr\/wp-content\/uploads\/2025\/01\/cropped-cropped-Simone-anna-6-300x100.png 300w, https:\/\/simoneetanna.fr\/wp-content\/uploads\/2025\/01\/cropped-cropped-Simone-anna-6-768x255.png 768w, https:\/\/simoneetanna.fr\/wp-content\/uploads\/2025\/01\/cropped-cropped-Simone-anna-6-1536x510.png 1536w, https:\/\/simoneetanna.fr\/wp-content\/uploads\/2025\/01\/cropped-cropped-Simone-anna-6-150x50.png 150w, https:\/\/simoneetanna.fr\/wp-content\/uploads\/2025\/01\/cropped-cropped-Simone-anna-6.png 1559w\" sizes=\"auto, (max-width: 1024px) 100vw, 1024px\" \/><\/a><\/figure>\n\n\n\n<div style=\"height:22px\" aria-hidden=\"true\" class=\"wp-block-spacer\"><\/div>\n\n\n\n<div class=\"wp-block-buttons has-custom-font-size has-ast-global-color-1-background-color has-background is-horizontal is-content-justification-right is-layout-flex wp-container-core-buttons-is-layout-c8bf12ed wp-block-buttons-is-layout-flex\" style=\"margin-top:0;margin-bottom:0;padding-top:0;padding-right:0;padding-bottom:0;padding-left:0;font-size:9px\">\n<div class=\"wp-block-button\"><a class=\"wp-block-button__link has-ast-global-color-2-color has-ast-global-color-1-background-color has-text-color has-background has-link-color has-custom-font-size wp-element-button\" href=\"https:\/\/simoneetanna.fr\/\" style=\"padding-top:var(--wp--preset--spacing--20);padding-right:var(--wp--preset--spacing--30);padding-bottom:var(--wp--preset--spacing--20);padding-left:var(--wp--preset--spacing--30);font-size:12px\">Retour \u00e0 l&#8217;accueil<\/a><\/div>\n<\/div>\n\n\n\n<div style=\"height:22px\" aria-hidden=\"true\" class=\"wp-block-spacer\"><\/div>\n\n\n\n<p><\/p>\n","protected":false},"excerpt":{"rendered":"<p>\u00c9v\u00e9nements uniques et sur mesure Des \u00e9v\u00e9nements qui marquent les esprits EVJF, baby shower, gender reveal, bapt\u00eame, anniversaires, demande en [&hellip;]<\/p>\n","protected":false},"author":1,"featured_media":0,"parent":0,"menu_order":0,"comment_status":"closed","ping_status":"closed","template":"","meta":{"site-sidebar-layout":"default","site-content-layout":"","ast-site-content-layout":"","site-content-style":"default","site-sidebar-style":"default","ast-global-header-display":"","ast-banner-title-visibility":"","ast-main-header-display":"","ast-hfb-above-header-display":"","ast-hfb-below-header-display":"","ast-hfb-mobile-header-display":"","site-post-title":"disabled","ast-breadcrumbs-content":"","ast-featured-img":"","footer-sml-layout":"","theme-transparent-header-meta":"","adv-header-id-meta":"","stick-header-meta":"","header-above-stick-meta":"","header-main-stick-meta":"","header-below-stick-meta":"","astra-migrate-meta-layouts":"default","ast-page-background-enabled":"default","ast-page-background-meta":{"desktop":{"background-color":"var(--ast-global-color-5)","background-image":"","background-repeat":"repeat","background-position":"center center","background-size":"auto","background-attachment":"scroll","background-type":"","background-media":"","overlay-type":"","overlay-color":"","overlay-opacity":"","overlay-gradient":""},"tablet":{"background-color":"","background-image":"","background-repeat":"repeat","background-position":"center center","background-size":"auto","background-attachment":"scroll","background-type":"","background-media":"","overlay-type":"","overlay-color":"","overlay-opacity":"","overlay-gradient":""},"mobile":{"background-color":"","background-image":"","background-repeat":"repeat","background-position":"center center","background-size":"auto","background-attachment":"scroll","background-type":"","background-media":"","overlay-type":"","overlay-color":"","overlay-opacity":"","overlay-gradient":""}},"ast-content-background-meta":{"desktop":{"background-color":"var(--ast-global-color-4)","background-image":"","background-repeat":"repeat","background-position":"center center","background-size":"auto","background-attachment":"scroll","background-type":"","background-media":"","overlay-type":"","overlay-color":"","overlay-opacity":"","overlay-gradient":""},"tablet":{"background-color":"var(--ast-global-color-4)","background-image":"","background-repeat":"repeat","background-position":"center center","background-size":"auto","background-attachment":"scroll","background-type":"","background-media":"","overlay-type":"","overlay-color":"","overlay-opacity":"","overlay-gradient":""},"mobile":{"background-color":"var(--ast-global-color-4)","background-image":"","background-repeat":"repeat","background-position":"center center","background-size":"auto","background-attachment":"scroll","background-type":"","background-media":"","overlay-type":"","overlay-color":"","overlay-opacity":"","overlay-gradient":""}},"footnotes":""},"class_list":["post-542","page","type-page","status-publish","hentry"],"_links":{"self":[{"href":"https:\/\/simoneetanna.fr\/index.php\/wp-json\/wp\/v2\/pages\/542","targetHints":{"allow":["GET"]}}],"collection":[{"href":"https:\/\/simoneetanna.fr\/index.php\/wp-json\/wp\/v2\/pages"}],"about":[{"href":"https:\/\/simoneetanna.fr\/index.php\/wp-json\/wp\/v2\/types\/page"}],"author":[{"embeddable":true,"href":"https:\/\/simoneetanna.fr\/index.php\/wp-json\/wp\/v2\/users\/1"}],"replies":[{"embeddable":true,"href":"https:\/\/simoneetanna.fr\/index.php\/wp-json\/wp\/v2\/comments?post=542"}],"version-history":[{"count":106,"href":"https:\/\/simoneetanna.fr\/index.php\/wp-json\/wp\/v2\/pages\/542\/revisions"}],"predecessor-version":[{"id":1581,"href":"https:\/\/simoneetanna.fr\/index.php\/wp-json\/wp\/v2\/pages\/542\/revisions\/1581"}],"wp:attachment":[{"href":"https:\/\/simoneetanna.fr\/index.php\/wp-json\/wp\/v2\/media?parent=542"}],"curies":[{"name":"wp","href":"https:\/\/api.w.org\/{rel}","templated":true}]}}