{"id":143,"date":"2025-01-11T18:05:45","date_gmt":"2025-01-11T17:05:45","guid":{"rendered":"https:\/\/simoneetanna.fr\/?page_id=143"},"modified":"2025-07-17T15:52:40","modified_gmt":"2025-07-17T13:52:40","slug":"contact","status":"publish","type":"page","link":"https:\/\/simoneetanna.fr\/index.php\/contact\/","title":{"rendered":"Contact"},"content":{"rendered":"\n<figure class=\"wp-block-image alignfull size-full\"><img loading=\"lazy\" decoding=\"async\" width=\"2560\" height=\"1062\" src=\"https:\/\/simoneetanna.fr\/wp-content\/uploads\/2025\/07\/IMG_3248-3-scaled.jpg\" alt=\"\" class=\"wp-image-1399\" srcset=\"https:\/\/simoneetanna.fr\/wp-content\/uploads\/2025\/07\/IMG_3248-3-scaled.jpg 2560w, https:\/\/simoneetanna.fr\/wp-content\/uploads\/2025\/07\/IMG_3248-3-300x124.jpg 300w, https:\/\/simoneetanna.fr\/wp-content\/uploads\/2025\/07\/IMG_3248-3-1024x425.jpg 1024w, https:\/\/simoneetanna.fr\/wp-content\/uploads\/2025\/07\/IMG_3248-3-768x319.jpg 768w, https:\/\/simoneetanna.fr\/wp-content\/uploads\/2025\/07\/IMG_3248-3-1536x637.jpg 1536w, https:\/\/simoneetanna.fr\/wp-content\/uploads\/2025\/07\/IMG_3248-3-2048x849.jpg 2048w\" sizes=\"auto, (max-width: 2560px) 100vw, 2560px\" \/><\/figure>\n\n\n\n<div style=\"height:100px\" aria-hidden=\"true\" class=\"wp-block-spacer\"><\/div>\n\n\n\n<h6 class=\"wp-block-heading has-text-align-center\">Besoin d\u2019un accompagnement pour votre mariage ou \u00e9v\u00e9nement ? Contactez-nous !<\/h6>\n\n\n\n<hr class=\"wp-block-separator has-alpha-channel-opacity\"\/>\n\n\n\n<div class=\"wpcf7 no-js\" id=\"wpcf7-f146-o1\" lang=\"fr-FR\" dir=\"ltr\" data-wpcf7-id=\"146\">\n<div class=\"screen-reader-response\"><p role=\"status\" aria-live=\"polite\" aria-atomic=\"true\"><\/p> <ul><\/ul><\/div>\n<form action=\"\/index.php\/wp-json\/wp\/v2\/pages\/143#wpcf7-f146-o1\" method=\"post\" class=\"wpcf7-form init\" aria-label=\"Formulaire de contact\" novalidate=\"novalidate\" data-status=\"init\">\n<fieldset class=\"hidden-fields-container\"><input type=\"hidden\" name=\"_wpcf7\" value=\"146\" \/><input type=\"hidden\" name=\"_wpcf7_version\" value=\"6.1.5\" \/><input type=\"hidden\" name=\"_wpcf7_locale\" value=\"fr_FR\" \/><input type=\"hidden\" name=\"_wpcf7_unit_tag\" value=\"wpcf7-f146-o1\" \/><input type=\"hidden\" name=\"_wpcf7_container_post\" value=\"0\" \/><input type=\"hidden\" name=\"_wpcf7_posted_data_hash\" value=\"\" \/>\n<\/fieldset>\n<p><label for=\"nom\">Nom :<br \/>\n<span class=\"wpcf7-form-control-wrap\" data-name=\"your-name\"><input size=\"40\" maxlength=\"400\" class=\"wpcf7-form-control wpcf7-text wpcf7-validates-as-required\" aria-required=\"true\" aria-invalid=\"false\" value=\"\" type=\"text\" name=\"your-name\" \/><\/span> <\/label>\n<\/p>\n<p><label for=\"prenom\">Pr\u00e9nom :<br \/>\n<span class=\"wpcf7-form-control-wrap\" data-name=\"your-first-name\"><input size=\"40\" maxlength=\"400\" class=\"wpcf7-form-control wpcf7-text wpcf7-validates-as-required\" aria-required=\"true\" aria-invalid=\"false\" value=\"\" type=\"text\" name=\"your-first-name\" \/><\/span> <\/label>\n<\/p>\n<p><label for=\"email\">Adresse e-mail :<br \/>\n<span class=\"wpcf7-form-control-wrap\" data-name=\"your-email\"><input size=\"40\" maxlength=\"400\" class=\"wpcf7-form-control wpcf7-email wpcf7-validates-as-required wpcf7-text wpcf7-validates-as-email\" aria-required=\"true\" aria-invalid=\"false\" value=\"\" type=\"email\" name=\"your-email\" \/><\/span> <\/label>\n<\/p>\n<p><label for=\"type_evenement\">Type d'\u00e9v\u00e9nement :<br \/>\n<span class=\"wpcf7-form-control-wrap\" data-name=\"your-event-type\"><select class=\"wpcf7-form-control wpcf7-select wpcf7-validates-as-required\" aria-required=\"true\" aria-invalid=\"false\" name=\"your-event-type\"><option value=\"S\u00e9lectionnez...\">S\u00e9lectionnez...<\/option><option value=\"Mariage\">Mariage<\/option><option value=\"Anniversaire\">Anniversaire<\/option><option value=\"Bapt\u00eame\">Bapt\u00eame<\/option><option value=\"Autre\">Autre<\/option><\/select><\/span><\/label>\n<\/p>\n<p><label for=\"date_evenement\">Date de l'\u00e9v\u00e9nement :<br \/>\n<span class=\"wpcf7-form-control-wrap\" data-name=\"your-event-date\"><input class=\"wpcf7-form-control wpcf7-date wpcf7-validates-as-required wpcf7-validates-as-date\" aria-required=\"true\" aria-invalid=\"false\" value=\"\" type=\"date\" name=\"your-event-date\" \/><\/span> <\/label>\n<\/p>\n<p><label for=\"nombre_invites\">Nombre d'invit\u00e9s :<br \/>\n<span class=\"wpcf7-form-control-wrap\" data-name=\"your-guest-count\"><input class=\"wpcf7-form-control wpcf7-number wpcf7-validates-as-required wpcf7-validates-as-number\" aria-required=\"true\" aria-invalid=\"false\" value=\"\" type=\"number\" name=\"your-guest-count\" \/><\/span> <\/label>\n<\/p>\n<p><label for=\"projet\">Parlez-nous de votre projet :<br \/>\n<span class=\"wpcf7-form-control-wrap\" data-name=\"your-project\"><textarea cols=\"40\" rows=\"10\" maxlength=\"2000\" class=\"wpcf7-form-control wpcf7-textarea wpcf7-validates-as-required\" aria-required=\"true\" aria-invalid=\"false\" name=\"your-project\"><\/textarea><\/span> <\/label>\n<\/p>\n<p><input type=\"submit\" value=\"Envoyer\" \/>\n<\/p><div class=\"wpcf7-response-output\" aria-hidden=\"true\"><\/div>\n<\/form>\n<\/div>\n\n\n\n\n<p class=\"has-text-align-center has-small-font-size\">En soumettant ce formulaire, vous acceptez notre <a href=\"https:\/\/simoneetanna.fr\/index.php\/politique-de-confidentialite\/\">Politique de Confidentialit\u00e9<\/a>.<\/p>\n\n\n\n<div style=\"height:42px\" aria-hidden=\"true\" class=\"wp-block-spacer\"><\/div>\n\n\n\n<p class=\"has-text-align-center has-ast-global-color-8-background-color has-background\" style=\"font-size:18px\">Prenez rendez-vous directement en ligne pour discuter de votre mariage ou \u00e9v\u00e9nement ! Choisissez l\u2019horaire qui vous convient et recevez une confirmation instantan\u00e9e.<\/p>\n\n\n\n<hr class=\"wp-block-separator has-alpha-channel-opacity\"\/>\n\n\n\n<!-- D\u00e9but de widget en ligne Calendly -->\n<div class=\"calendly-inline-widget\" data-url=\"https:\/\/calendly.com\/contact-simoneetanna\/30min?primary_color=a47b67\" style=\"min-width:320px;height:700px;\"><\/div>\n<script type=\"text\/javascript\" src=\"https:\/\/assets.calendly.com\/assets\/external\/widget.js\" async><\/script>\n<!-- Fin de widget en ligne Calendly -->\n\n\n\n<div style=\"height:60px\" aria-hidden=\"true\" class=\"wp-block-spacer\"><\/div>\n\n\n\n<figure class=\"wp-block-image aligncenter size-large is-resized\"><a href=\"https:\/\/simoneetanna.fr\/\"><img loading=\"lazy\" decoding=\"async\" width=\"1024\" height=\"340\" src=\"http:\/\/simoneetanna.fr\/wp-content\/uploads\/2025\/01\/cropped-cropped-Simone-anna-6-1024x340.png\" alt=\"contactez-nous. \" class=\"wp-image-99\" style=\"width:350px\" srcset=\"https:\/\/simoneetanna.fr\/wp-content\/uploads\/2025\/01\/cropped-cropped-Simone-anna-6-1024x340.png 1024w, https:\/\/simoneetanna.fr\/wp-content\/uploads\/2025\/01\/cropped-cropped-Simone-anna-6-300x100.png 300w, https:\/\/simoneetanna.fr\/wp-content\/uploads\/2025\/01\/cropped-cropped-Simone-anna-6-768x255.png 768w, https:\/\/simoneetanna.fr\/wp-content\/uploads\/2025\/01\/cropped-cropped-Simone-anna-6-1536x510.png 1536w, https:\/\/simoneetanna.fr\/wp-content\/uploads\/2025\/01\/cropped-cropped-Simone-anna-6-150x50.png 150w, https:\/\/simoneetanna.fr\/wp-content\/uploads\/2025\/01\/cropped-cropped-Simone-anna-6.png 1559w\" sizes=\"auto, (max-width: 1024px) 100vw, 1024px\" \/><\/a><\/figure>\n\n\n\n<div style=\"height:22px\" aria-hidden=\"true\" class=\"wp-block-spacer\"><\/div>\n\n\n\n<div class=\"wp-block-buttons has-custom-font-size has-ast-global-color-4-background-color has-background is-horizontal is-content-justification-right is-layout-flex wp-container-core-buttons-is-layout-c8bf12ed wp-block-buttons-is-layout-flex\" style=\"margin-top:0;margin-bottom:0;padding-top:0;padding-right:0;padding-bottom:0;padding-left:0;font-size:9px\">\n<div class=\"wp-block-button\"><a class=\"wp-block-button__link has-black-color has-ast-global-color-1-background-color has-text-color has-background has-link-color has-text-align-center has-custom-font-size wp-element-button\" href=\"https:\/\/simoneetanna.fr\/\" style=\"padding-top:var(--wp--preset--spacing--20);padding-right:var(--wp--preset--spacing--30);padding-bottom:var(--wp--preset--spacing--20);padding-left:var(--wp--preset--spacing--30);font-size:12px\">Retour \u00e0 l&#8217;accueil<\/a><\/div>\n<\/div>\n\n\n\n<div style=\"height:22px\" aria-hidden=\"true\" class=\"wp-block-spacer\"><\/div>\n\n\n\n<p class=\"has-text-align-center has-ast-global-color-3-color has-ast-global-color-1-background-color has-text-color has-background has-link-color wp-elements-b7edab9bcce3352f2e70d41fa0413fd2\" style=\"font-size:7px\"><em>Conform\u00e9ment \u00e0 l\u2019article L.1612-2 du Code de la consommation, en cas de litige, vous pouvez recourir gratuitement au service de m\u00e9diation de la consommation dont nous relevons :<\/em><br><em><strong>Soci\u00e9t\u00e9 M\u00e9diation Professionnelle (SMP)<\/strong> \u2013<em>Alteritae 5 rue Salvaing 12000 Rodez<\/em>\u2013 <a href=\"https:\/\/www.mediateur-consommation-smp.fr\" target=\"_blank\" rel=\"noopener\">https:\/\/www.mediateur-consommation-smp.fr<\/a>.<\/em><\/p>\n\n\n\n<p><\/p>\n","protected":false},"excerpt":{"rendered":"<p>Besoin d\u2019un accompagnement pour votre mariage ou \u00e9v\u00e9nement ? Contactez-nous ! En soumettant ce formulaire, vous acceptez notre Politique de [&hellip;]<\/p>\n","protected":false},"author":1,"featured_media":0,"parent":0,"menu_order":0,"comment_status":"closed","ping_status":"closed","template":"","meta":{"site-sidebar-layout":"default","site-content-layout":"","ast-site-content-layout":"","site-content-style":"default","site-sidebar-style":"default","ast-global-header-display":"","ast-banner-title-visibility":"","ast-main-header-display":"","ast-hfb-above-header-display":"","ast-hfb-below-header-display":"","ast-hfb-mobile-header-display":"","site-post-title":"disabled","ast-breadcrumbs-content":"","ast-featured-img":"","footer-sml-layout":"","theme-transparent-header-meta":"","adv-header-id-meta":"","stick-header-meta":"","header-above-stick-meta":"","header-main-stick-meta":"","header-below-stick-meta":"","astra-migrate-meta-layouts":"default","ast-page-background-enabled":"default","ast-page-background-meta":{"desktop":{"background-color":"var(--ast-global-color-5)","background-image":"","background-repeat":"repeat","background-position":"center center","background-size":"auto","background-attachment":"scroll","background-type":"","background-media":"","overlay-type":"","overlay-color":"","overlay-opacity":"","overlay-gradient":""},"tablet":{"background-color":"","background-image":"","background-repeat":"repeat","background-position":"center center","background-size":"auto","background-attachment":"scroll","background-type":"","background-media":"","overlay-type":"","overlay-color":"","overlay-opacity":"","overlay-gradient":""},"mobile":{"background-color":"","background-image":"","background-repeat":"repeat","background-position":"center center","background-size":"auto","background-attachment":"scroll","background-type":"","background-media":"","overlay-type":"","overlay-color":"","overlay-opacity":"","overlay-gradient":""}},"ast-content-background-meta":{"desktop":{"background-color":"var(--ast-global-color-4)","background-image":"","background-repeat":"repeat","background-position":"center center","background-size":"auto","background-attachment":"scroll","background-type":"","background-media":"","overlay-type":"","overlay-color":"","overlay-opacity":"","overlay-gradient":""},"tablet":{"background-color":"var(--ast-global-color-4)","background-image":"","background-repeat":"repeat","background-position":"center center","background-size":"auto","background-attachment":"scroll","background-type":"","background-media":"","overlay-type":"","overlay-color":"","overlay-opacity":"","overlay-gradient":""},"mobile":{"background-color":"var(--ast-global-color-4)","background-image":"","background-repeat":"repeat","background-position":"center center","background-size":"auto","background-attachment":"scroll","background-type":"","background-media":"","overlay-type":"","overlay-color":"","overlay-opacity":"","overlay-gradient":""}},"footnotes":""},"class_list":["post-143","page","type-page","status-publish","hentry"],"_links":{"self":[{"href":"https:\/\/simoneetanna.fr\/index.php\/wp-json\/wp\/v2\/pages\/143","targetHints":{"allow":["GET"]}}],"collection":[{"href":"https:\/\/simoneetanna.fr\/index.php\/wp-json\/wp\/v2\/pages"}],"about":[{"href":"https:\/\/simoneetanna.fr\/index.php\/wp-json\/wp\/v2\/types\/page"}],"author":[{"embeddable":true,"href":"https:\/\/simoneetanna.fr\/index.php\/wp-json\/wp\/v2\/users\/1"}],"replies":[{"embeddable":true,"href":"https:\/\/simoneetanna.fr\/index.php\/wp-json\/wp\/v2\/comments?post=143"}],"version-history":[{"count":51,"href":"https:\/\/simoneetanna.fr\/index.php\/wp-json\/wp\/v2\/pages\/143\/revisions"}],"predecessor-version":[{"id":1400,"href":"https:\/\/simoneetanna.fr\/index.php\/wp-json\/wp\/v2\/pages\/143\/revisions\/1400"}],"wp:attachment":[{"href":"https:\/\/simoneetanna.fr\/index.php\/wp-json\/wp\/v2\/media?parent=143"}],"curies":[{"name":"wp","href":"https:\/\/api.w.org\/{rel}","templated":true}]}}