{"id":13,"date":"2025-01-10T14:26:23","date_gmt":"2025-01-10T13:26:23","guid":{"rendered":"https:\/\/simoneetanna.fr\/?page_id=13"},"modified":"2025-07-17T16:07:14","modified_gmt":"2025-07-17T14:07:14","slug":"accueil","status":"publish","type":"page","link":"https:\/\/simoneetanna.fr\/","title":{"rendered":"Accueil"},"content":{"rendered":"\n<div class=\"wp-block-cover alignfull\" style=\"margin-top:0;margin-bottom:0;padding-top:0;padding-bottom:0;min-height:980px;aspect-ratio:unset;\"><img loading=\"lazy\" decoding=\"async\" width=\"2560\" height=\"1707\" class=\"wp-block-cover__image-background wp-image-47\" alt=\"organisation mariage. Wedding planner. \" src=\"http:\/\/simoneetanna.fr\/wp-content\/uploads\/2025\/01\/SD-40-scaled.jpg\" data-object-fit=\"cover\" srcset=\"https:\/\/simoneetanna.fr\/wp-content\/uploads\/2025\/01\/SD-40-scaled.jpg 2560w, https:\/\/simoneetanna.fr\/wp-content\/uploads\/2025\/01\/SD-40-300x200.jpg 300w, https:\/\/simoneetanna.fr\/wp-content\/uploads\/2025\/01\/SD-40-1024x683.jpg 1024w, https:\/\/simoneetanna.fr\/wp-content\/uploads\/2025\/01\/SD-40-768x512.jpg 768w, https:\/\/simoneetanna.fr\/wp-content\/uploads\/2025\/01\/SD-40-1536x1024.jpg 1536w, https:\/\/simoneetanna.fr\/wp-content\/uploads\/2025\/01\/SD-40-2048x1365.jpg 2048w\" sizes=\"auto, (max-width: 2560px) 100vw, 2560px\" \/><span aria-hidden=\"true\" class=\"wp-block-cover__background has-background-dim-30 has-background-dim\"><\/span><div class=\"wp-block-cover__inner-container is-layout-constrained wp-block-cover-is-layout-constrained\">\n<div class=\"inherit-container-width wp-block-group alignwide is-layout-constrained wp-block-group-is-layout-constrained\">\n<div class=\"wp-block-media-text alignwide has-media-on-the-right is-stacked-on-mobile is-vertically-aligned-center\" style=\"grid-template-columns:auto 43%\"><div class=\"wp-block-media-text__content\">\n<p><\/p>\n\n\n\n<h1 class=\"wp-block-heading has-text-align-left has-ast-global-color-1-color has-text-color has-tan-meringue-font-family\" style=\"font-size:28px\">Wedding &amp; event planner <\/h1>\n\n\n\n<p class=\"has-ast-global-color-1-color has-text-color has-link-color wp-elements-c26395bec50d2962395e8bdcb606b307\" style=\"font-size:16px\">Bienvenue dans l&#8217;univers de <strong>Simone &amp; Anna<\/strong>, agence d&#8217;organisation de mariages et d&#8217;\u00e9v\u00e9nements dans la r\u00e9gion lyonnaise et en Provence.<br>Chez Simone &amp; Anna, nous offrons bien plus que des mariages. Nous cr\u00e9ons des \u00e9v\u00e9nements uniques, authentiques et sur mesure.&nbsp;<\/p>\n\n\n\n<div class=\"wp-block-buttons is-layout-flex wp-block-buttons-is-layout-flex\">\n<div class=\"wp-block-button\"><a class=\"wp-block-button__link has-ast-global-color-1-color has-ast-global-color-3-background-color has-text-color has-background has-link-color has-custom-font-size wp-element-button\" href=\"https:\/\/calendly.com\/contact-simoneetanna\" style=\"font-size:13px\" target=\"_blank\" rel=\"noopener\">PRENDRE RDV<\/a><\/div>\n<\/div>\n<\/div><figure class=\"wp-block-media-text__media\"><\/figure><\/div>\n<\/div>\n<\/div><\/div>\n\n\n\n<div style=\"height:59px\" aria-hidden=\"true\" class=\"wp-block-spacer\"><\/div>\n\n\n\n<div class=\"wp-block-group has-ast-global-color-5-background-color has-background is-layout-constrained wp-container-core-group-is-layout-e4695da9 wp-block-group-is-layout-constrained\" style=\"padding-top:var(--wp--preset--spacing--20);padding-bottom:0px\">\n<div class=\"wp-block-group alignfull is-content-justification-center is-layout-constrained wp-block-group-is-layout-constrained\">\n<h3 class=\"wp-block-heading alignfull has-text-align-center has-ast-global-color-2-color has-ast-global-color-1-background-color has-text-color has-background has-link-color has-tan-meringue-font-family wp-elements-688b382f9ca8a846555ad9f6a6cfa703\" style=\"margin-top:0;margin-right:0px;margin-bottom:0;margin-left:0px;padding-top:0;padding-right:0;padding-bottom:0;padding-left:0;font-size:20px\">Nos valeurs<\/h3>\n<\/div>\n\n\n\n<hr class=\"wp-block-separator has-alpha-channel-opacity\"\/>\n\n\n\n<div class=\"wp-block-columns are-vertically-aligned-top is-layout-flex wp-container-core-columns-is-layout-00723822 wp-block-columns-is-layout-flex\">\n<div class=\"wp-block-column is-vertically-aligned-top is-layout-flow wp-container-core-column-is-layout-6b73ce23 wp-block-column-is-layout-flow\">\n<figure class=\"wp-block-image aligncenter size-large is-resized\"><img loading=\"lazy\" decoding=\"async\" width=\"1024\" height=\"1024\" src=\"https:\/\/simoneetanna.fr\/wp-content\/uploads\/2025\/01\/49-1-1024x1024.png\" alt=\"Organisation mariage. Excellence.\" class=\"wp-image-516\" style=\"width:127px;height:auto\" srcset=\"https:\/\/simoneetanna.fr\/wp-content\/uploads\/2025\/01\/49-1-1024x1024.png 1024w, https:\/\/simoneetanna.fr\/wp-content\/uploads\/2025\/01\/49-1-300x300.png 300w, https:\/\/simoneetanna.fr\/wp-content\/uploads\/2025\/01\/49-1-150x150.png 150w, https:\/\/simoneetanna.fr\/wp-content\/uploads\/2025\/01\/49-1-768x768.png 768w, https:\/\/simoneetanna.fr\/wp-content\/uploads\/2025\/01\/49-1-1536x1536.png 1536w, https:\/\/simoneetanna.fr\/wp-content\/uploads\/2025\/01\/49-1.png 1563w\" sizes=\"auto, (max-width: 1024px) 100vw, 1024px\" \/><\/figure>\n\n\n\n<h1 class=\"wp-block-heading has-text-align-center has-ast-global-color-2-color has-text-color has-link-color wp-elements-ab11a442f61a2a70e1b047b3b980236a\" style=\"margin-top:16px;font-size:16px\"><strong>EXCELLENCE<\/strong><\/h1>\n\n\n\n<p class=\"has-text-align-center has-ast-global-color-2-color has-text-color has-link-color wp-elements-6b3d1122ed6981905b779d810bb5d6f0\" style=\"font-size:14px;font-style:normal;font-weight:100\">Des services d\u2019organisation de qualit\u00e9, \u00e0 la hauteur de vos attentes.<\/p>\n<\/div>\n\n\n\n<div class=\"wp-block-column is-vertically-aligned-top is-layout-flow wp-container-core-column-is-layout-6b73ce23 wp-block-column-is-layout-flow\">\n<figure class=\"wp-block-image aligncenter size-large is-resized\"><img loading=\"lazy\" decoding=\"async\" width=\"1024\" height=\"1024\" src=\"https:\/\/simoneetanna.fr\/wp-content\/uploads\/2025\/01\/52-1-1024x1024.png\" alt=\"Organisation mariage. Personnalisation.\" class=\"wp-image-517\" style=\"width:127px\" srcset=\"https:\/\/simoneetanna.fr\/wp-content\/uploads\/2025\/01\/52-1-1024x1024.png 1024w, https:\/\/simoneetanna.fr\/wp-content\/uploads\/2025\/01\/52-1-300x300.png 300w, https:\/\/simoneetanna.fr\/wp-content\/uploads\/2025\/01\/52-1-150x150.png 150w, https:\/\/simoneetanna.fr\/wp-content\/uploads\/2025\/01\/52-1-768x768.png 768w, https:\/\/simoneetanna.fr\/wp-content\/uploads\/2025\/01\/52-1-1536x1536.png 1536w, https:\/\/simoneetanna.fr\/wp-content\/uploads\/2025\/01\/52-1.png 1563w\" sizes=\"auto, (max-width: 1024px) 100vw, 1024px\" \/><\/figure>\n\n\n\n<h1 class=\"wp-block-heading has-text-align-center has-ast-global-color-2-color has-text-color has-link-color wp-elements-bf02c8a8478b2534ed8c84c02d990549\" style=\"margin-top:16px;font-size:16px\"><strong>PERSONNALISATION<\/strong><\/h1>\n\n\n\n<p class=\"has-text-align-center has-ast-global-color-2-color has-text-color has-link-color wp-elements-44f7ae40165c0805f6283b3b3da5f5ca\" style=\"font-size:14px;font-style:normal;font-weight:100\">Chaque \u00e9v\u00e9nement est unique, c&#8217;est pourquoi nous nous adaptons \u00e0 vos besoins et envies.<\/p>\n<\/div>\n\n\n\n<div class=\"wp-block-column is-vertically-aligned-top is-layout-flow wp-container-core-column-is-layout-6b73ce23 wp-block-column-is-layout-flow\">\n<figure class=\"wp-block-image aligncenter size-large is-resized\"><img loading=\"lazy\" decoding=\"async\" width=\"1024\" height=\"1024\" src=\"https:\/\/simoneetanna.fr\/wp-content\/uploads\/2025\/01\/50-1-1024x1024.png\" alt=\"Organisation mariage. Cr\u00e9ativit\u00e9.\" class=\"wp-image-518\" style=\"width:127px\" srcset=\"https:\/\/simoneetanna.fr\/wp-content\/uploads\/2025\/01\/50-1-1024x1024.png 1024w, https:\/\/simoneetanna.fr\/wp-content\/uploads\/2025\/01\/50-1-300x300.png 300w, https:\/\/simoneetanna.fr\/wp-content\/uploads\/2025\/01\/50-1-150x150.png 150w, https:\/\/simoneetanna.fr\/wp-content\/uploads\/2025\/01\/50-1-768x768.png 768w, https:\/\/simoneetanna.fr\/wp-content\/uploads\/2025\/01\/50-1-1536x1536.png 1536w, https:\/\/simoneetanna.fr\/wp-content\/uploads\/2025\/01\/50-1.png 1563w\" sizes=\"auto, (max-width: 1024px) 100vw, 1024px\" \/><\/figure>\n\n\n\n<h1 class=\"wp-block-heading has-text-align-center has-ast-global-color-2-color has-text-color has-link-color wp-elements-ec74526b516c9288f480ff3b18dc091f\" style=\"margin-top:16px;font-size:16px\"><strong>CR<strong>\u00c9<\/strong>ATIVIT\u00c9<\/strong><\/h1>\n\n\n\n<p class=\"has-text-align-center has-ast-global-color-2-color has-text-color has-link-color wp-elements-49fbca49a81b838d93addf5d5b92a9b0\" style=\"font-size:14px;font-style:normal;font-weight:100\">Des id\u00e9es novatrices et cr\u00e9atives pour rendre chaque \u00e9v\u00e9nement inoubliable.<\/p>\n<\/div>\n\n\n\n<div class=\"wp-block-column is-vertically-aligned-top is-layout-flow wp-container-core-column-is-layout-6b73ce23 wp-block-column-is-layout-flow\">\n<figure class=\"wp-block-image aligncenter size-large is-resized\"><img loading=\"lazy\" decoding=\"async\" width=\"1024\" height=\"1024\" src=\"https:\/\/simoneetanna.fr\/wp-content\/uploads\/2025\/01\/51-1-1024x1024.png\" alt=\"Organisation mariage. Engagement.\" class=\"wp-image-519\" style=\"width:127px\" srcset=\"https:\/\/simoneetanna.fr\/wp-content\/uploads\/2025\/01\/51-1-1024x1024.png 1024w, https:\/\/simoneetanna.fr\/wp-content\/uploads\/2025\/01\/51-1-300x300.png 300w, https:\/\/simoneetanna.fr\/wp-content\/uploads\/2025\/01\/51-1-150x150.png 150w, https:\/\/simoneetanna.fr\/wp-content\/uploads\/2025\/01\/51-1-768x768.png 768w, https:\/\/simoneetanna.fr\/wp-content\/uploads\/2025\/01\/51-1-1536x1536.png 1536w, https:\/\/simoneetanna.fr\/wp-content\/uploads\/2025\/01\/51-1.png 1563w\" sizes=\"auto, (max-width: 1024px) 100vw, 1024px\" \/><\/figure>\n\n\n\n<h1 class=\"wp-block-heading has-text-align-center has-ast-global-color-2-color has-text-color has-link-color wp-elements-d0cacbd4406c4e6733502702064be5e5\" style=\"margin-top:16px;font-size:16px\"><strong>ENGAGEMENT<\/strong><\/h1>\n\n\n\n<p class=\"has-text-align-center has-ast-global-color-2-color has-text-color has-link-color wp-elements-13b0fbbf66cecda2a3cfa4a62dcb08f5\" style=\"font-size:14px;font-style:normal;font-weight:100\">Un suivi rigoureux et un choix de prestataires de qualit\u00e9 pour garantir votre enti\u00e8re satisfaction.<\/p>\n<\/div>\n<\/div>\n<\/div>\n\n\n\n<div class=\"wp-block-group is-layout-constrained wp-block-group-is-layout-constrained\">\n<h3 class=\"wp-block-heading has-text-align-center has-ast-global-color-2-color has-ast-global-color-1-background-color has-text-color has-background has-link-color has-tan-meringue-font-family wp-elements-048e60c7d5c966e034eec0b84b83349d\" style=\"padding-top:0;padding-right:0;padding-bottom:0;padding-left:0;font-size:20px\">Nos formules mariage<\/h3>\n\n\n\n<hr class=\"wp-block-separator has-text-color has-ast-global-color-2-color has-alpha-channel-opacity has-ast-global-color-2-background-color has-background\"\/>\n\n\n\n<div class=\"wp-block-columns is-layout-flex wp-container-core-columns-is-layout-60cbf9bb wp-block-columns-is-layout-flex\" style=\"margin-top:50px\">\n<div class=\"wp-block-column is-vertically-aligned-top is-layout-flow wp-container-core-column-is-layout-6b73ce23 wp-block-column-is-layout-flow\">\n<figure class=\"wp-block-image aligncenter size-large is-resized is-style-rounded image-zoom\"><a href=\"https:\/\/simoneetanna.fr\/index.php\/formules-mariage\/\"><img loading=\"lazy\" decoding=\"async\" width=\"1024\" height=\"1024\" src=\"https:\/\/simoneetanna.fr\/wp-content\/uploads\/2025\/01\/SD-65-edited-1-1024x1024.jpg\" alt=\"\" class=\"wp-image-73\" style=\"width:200px\" srcset=\"https:\/\/simoneetanna.fr\/wp-content\/uploads\/2025\/01\/SD-65-edited-1-1024x1024.jpg 1024w, https:\/\/simoneetanna.fr\/wp-content\/uploads\/2025\/01\/SD-65-edited-1-300x300.jpg 300w, https:\/\/simoneetanna.fr\/wp-content\/uploads\/2025\/01\/SD-65-edited-1-150x150.jpg 150w, https:\/\/simoneetanna.fr\/wp-content\/uploads\/2025\/01\/SD-65-edited-1-768x768.jpg 768w, https:\/\/simoneetanna.fr\/wp-content\/uploads\/2025\/01\/SD-65-edited-1-1536x1536.jpg 1536w, https:\/\/simoneetanna.fr\/wp-content\/uploads\/2025\/01\/SD-65-edited-1-2048x2048.jpg 2048w\" sizes=\"auto, (max-width: 1024px) 100vw, 1024px\" \/><\/a><\/figure>\n\n\n\n<h1 class=\"wp-block-heading has-text-align-center has-ast-global-color-2-color has-text-color has-link-color wp-elements-76529d72255fc44c56ef62c1a303704e\" style=\"margin-top:16px;font-size:16px\"><strong>ESSENTIELLE<\/strong><\/h1>\n\n\n\n<p class=\"has-text-align-center has-ast-global-color-2-color has-text-color has-link-color wp-elements-f5b7e862ca8e4dd1af2c31e44c797d21\" style=\"font-size:14px;font-style:normal;font-weight:100\"><strong>Coordination du jour J : <\/strong>Une coordination impeccable pour ceux qui ont d\u00e9j\u00e0 tout planifi\u00e9, mais qui souhaitent d\u00e9l\u00e9guer la gestion du jour J.<\/p>\n<\/div>\n\n\n\n<div class=\"wp-block-column is-vertically-aligned-top is-layout-flow wp-container-core-column-is-layout-6b73ce23 wp-block-column-is-layout-flow\">\n<figure class=\"wp-block-image aligncenter size-large is-resized is-style-rounded image-zoom\"><img loading=\"lazy\" decoding=\"async\" width=\"767\" height=\"1024\" src=\"https:\/\/simoneetanna.fr\/wp-content\/uploads\/2025\/07\/IMG_2636-767x1024.jpg\" alt=\"\" class=\"wp-image-1410\" style=\"aspect-ratio:1;object-fit:cover;width:200px\" srcset=\"https:\/\/simoneetanna.fr\/wp-content\/uploads\/2025\/07\/IMG_2636-767x1024.jpg 767w, https:\/\/simoneetanna.fr\/wp-content\/uploads\/2025\/07\/IMG_2636-225x300.jpg 225w, https:\/\/simoneetanna.fr\/wp-content\/uploads\/2025\/07\/IMG_2636-768x1025.jpg 768w, https:\/\/simoneetanna.fr\/wp-content\/uploads\/2025\/07\/IMG_2636-1151x1536.jpg 1151w, https:\/\/simoneetanna.fr\/wp-content\/uploads\/2025\/07\/IMG_2636.jpg 1292w\" sizes=\"auto, (max-width: 767px) 100vw, 767px\" \/><\/figure>\n\n\n\n<h1 class=\"wp-block-heading has-text-align-center has-ast-global-color-2-color has-text-color has-link-color wp-elements-71ef24188f1d0b97b80064e7d04e1a62\" style=\"margin-top:16px;font-size:16px\"><strong>D<strong>\u00c9<\/strong>TENTE<\/strong><\/h1>\n\n\n\n<p class=\"has-text-align-center has-ast-global-color-2-color has-text-color has-link-color wp-elements-be0ead38a01f14e4040269536e04d75d\" style=\"font-size:14px;font-style:normal;font-weight:100\"><strong>Organisation partielle :<\/strong><em> <\/em>Id\u00e9ale pour ceux qui souhaitent un accompagnement partiel tout en gardant un contr\u00f4le sur certains aspects de l&#8217;\u00e9v\u00e9nement.<\/p>\n<\/div>\n\n\n\n<div class=\"wp-block-column is-vertically-aligned-top is-layout-flow wp-container-core-column-is-layout-6b73ce23 wp-block-column-is-layout-flow\">\n<figure class=\"wp-block-image aligncenter size-large is-resized is-style-rounded image-zoom\"><a href=\"https:\/\/simoneetanna.fr\/index.php\/formules-mariage\/\"><img loading=\"lazy\" decoding=\"async\" width=\"1024\" height=\"1024\" src=\"http:\/\/simoneetanna.fr\/wp-content\/uploads\/2025\/01\/SD-63-edited-1024x1024.jpg\" alt=\"\" class=\"wp-image-114\" style=\"aspect-ratio:1;object-fit:cover;width:200px\" srcset=\"https:\/\/simoneetanna.fr\/wp-content\/uploads\/2025\/01\/SD-63-edited-1024x1024.jpg 1024w, https:\/\/simoneetanna.fr\/wp-content\/uploads\/2025\/01\/SD-63-edited-300x300.jpg 300w, https:\/\/simoneetanna.fr\/wp-content\/uploads\/2025\/01\/SD-63-edited-150x150.jpg 150w, https:\/\/simoneetanna.fr\/wp-content\/uploads\/2025\/01\/SD-63-edited-768x768.jpg 768w, https:\/\/simoneetanna.fr\/wp-content\/uploads\/2025\/01\/SD-63-edited-1536x1536.jpg 1536w, https:\/\/simoneetanna.fr\/wp-content\/uploads\/2025\/01\/SD-63-edited-2048x2048.jpg 2048w\" sizes=\"auto, (max-width: 1024px) 100vw, 1024px\" \/><\/a><\/figure>\n\n\n\n<h1 class=\"wp-block-heading has-text-align-center has-ast-global-color-2-color has-text-color has-link-color wp-elements-686a56ed6e557ac1f7de4bf3fac2c49c\" style=\"margin-top:16px;font-size:16px\"><strong>COMPL<strong>\u00c8<\/strong>TE<\/strong><\/h1>\n\n\n\n<p class=\"has-text-align-center has-ast-global-color-2-color has-text-color has-link-color wp-elements-6f1a866eb3c9b32047018e8521eb1191\" style=\"font-size:14px;font-style:normal;font-weight:100\"><strong>Organisation int\u00e9grale<\/strong> : La formule tout-en-un pour ceux qui souhaitent une prise en charge compl\u00e8te de leur \u00e9v\u00e9nement.<\/p>\n<\/div>\n\n\n\n<div class=\"wp-block-column is-vertically-aligned-top is-layout-flow wp-container-core-column-is-layout-6b73ce23 wp-block-column-is-layout-flow\">\n<figure class=\"wp-block-image aligncenter size-large is-resized is-style-rounded image-zoom\"><img loading=\"lazy\" decoding=\"async\" width=\"767\" height=\"1024\" src=\"http:\/\/simoneetanna.fr\/wp-content\/uploads\/2025\/07\/da102bfe68aaa74645be823db0d9eb2b-orig-767x1024.jpg\" alt=\"\" class=\"wp-image-1407\" style=\"aspect-ratio:1;object-fit:cover;width:200px\" srcset=\"https:\/\/simoneetanna.fr\/wp-content\/uploads\/2025\/07\/da102bfe68aaa74645be823db0d9eb2b-orig-767x1024.jpg 767w, https:\/\/simoneetanna.fr\/wp-content\/uploads\/2025\/07\/da102bfe68aaa74645be823db0d9eb2b-orig-225x300.jpg 225w, https:\/\/simoneetanna.fr\/wp-content\/uploads\/2025\/07\/da102bfe68aaa74645be823db0d9eb2b-orig-768x1026.jpg 768w, https:\/\/simoneetanna.fr\/wp-content\/uploads\/2025\/07\/da102bfe68aaa74645be823db0d9eb2b-orig-1150x1536.jpg 1150w, https:\/\/simoneetanna.fr\/wp-content\/uploads\/2025\/07\/da102bfe68aaa74645be823db0d9eb2b-orig-1533x2048.jpg 1533w, https:\/\/simoneetanna.fr\/wp-content\/uploads\/2025\/07\/da102bfe68aaa74645be823db0d9eb2b-orig-scaled.jpg 1917w\" sizes=\"auto, (max-width: 767px) 100vw, 767px\" \/><\/figure>\n\n\n\n<h1 class=\"wp-block-heading has-text-align-center has-ast-global-color-2-color has-text-color has-link-color wp-elements-9bb5df162560fef838ca01b314ca61f3\" style=\"margin-top:16px;font-size:16px\"><strong>SUR-MESURE<\/strong><\/h1>\n\n\n\n<p class=\"has-text-align-center has-ast-global-color-2-color has-text-color has-link-color wp-elements-0b5d7884bacf352e5857e5b9055ad679\" style=\"font-size:14px;font-style:normal;font-weight:100\"><strong>Haut de gamme <\/strong>: Une organisation exclusive et personnalis\u00e9e pour des \u00e9v\u00e9nements d\u2019exception.<\/p>\n<\/div>\n<\/div>\n<\/div>\n\n\n\n<div class=\"wp-block-buttons is-content-justification-center is-layout-flex wp-container-core-buttons-is-layout-a89b3969 wp-block-buttons-is-layout-flex\">\n<div class=\"wp-block-button\"><a class=\"wp-block-button__link has-custom-font-size wp-element-button\" href=\"https:\/\/calendly.com\/contact-simoneetanna\" style=\"font-size:16px\" target=\"_blank\" rel=\"noopener\">PRENDRE RDV<\/a><\/div>\n<\/div>\n\n\n\n<div style=\"height:50px\" aria-hidden=\"true\" class=\"wp-block-spacer\"><\/div>\n\n\n\n<div class=\"wp-block-group alignfull has-ast-global-color-3-background-color has-background is-layout-constrained wp-block-group-is-layout-constrained\">\n<h4 class=\"wp-block-heading has-text-align-center has-ast-global-color-1-color has-text-color has-link-color has-tan-meringue-font-family wp-elements-43c872be4c295c1a833e147d4dc74afc\" style=\"padding-top:var(--wp--preset--spacing--40);padding-bottom:var(--wp--preset--spacing--40);font-size:16px\">Echangeons autour de votre projet !<\/h4>\n\n\n\n<hr class=\"wp-block-separator has-text-color has-ast-global-color-1-color has-alpha-channel-opacity has-ast-global-color-1-background-color has-background is-style-default\"\/>\n\n\n\n<p class=\"has-text-align-center has-ast-global-color-1-color has-text-color has-link-color wp-elements-e7e3bb5846cbe74a915cca304139c117\" style=\"font-size:14px\">Parlez-nous de votre projet ! Nous mettons toute notre expertise au service de votre \u00e9v\u00e9nement pour que votre jour J soit une exp\u00e9rience inoubliable. <\/p>\n\n\n\n<div class=\"wp-block-buttons is-content-justification-center is-layout-flex wp-container-core-buttons-is-layout-fe1bbffc wp-block-buttons-is-layout-flex\" style=\"padding-top:var(--wp--preset--spacing--30);padding-bottom:var(--wp--preset--spacing--30)\">\n<div class=\"wp-block-button\"><a class=\"wp-block-button__link has-ast-global-color-1-color has-ast-global-color-2-background-color has-text-color has-background has-link-color has-custom-font-size wp-element-button\" href=\"https:\/\/simoneetanna.fr\/index.php\/contact\/\" style=\"padding-top:var(--wp--preset--spacing--30);padding-bottom:var(--wp--preset--spacing--30);font-size:16px\">EN SAVOIR PLUS<\/a><\/div>\n<\/div>\n<\/div>\n\n\n\n<div style=\"height:36px\" aria-hidden=\"true\" class=\"wp-block-spacer\"><\/div>\n\n\n\n<figure class=\"wp-block-image aligncenter size-large is-resized\"><img loading=\"lazy\" decoding=\"async\" width=\"1024\" height=\"340\" src=\"http:\/\/simoneetanna.fr\/wp-content\/uploads\/2025\/01\/cropped-cropped-Simone-anna-6-1024x340.png\" alt=\"\" class=\"wp-image-99\" style=\"width:350px\" srcset=\"https:\/\/simoneetanna.fr\/wp-content\/uploads\/2025\/01\/cropped-cropped-Simone-anna-6-1024x340.png 1024w, https:\/\/simoneetanna.fr\/wp-content\/uploads\/2025\/01\/cropped-cropped-Simone-anna-6-300x100.png 300w, https:\/\/simoneetanna.fr\/wp-content\/uploads\/2025\/01\/cropped-cropped-Simone-anna-6-768x255.png 768w, https:\/\/simoneetanna.fr\/wp-content\/uploads\/2025\/01\/cropped-cropped-Simone-anna-6-1536x510.png 1536w, https:\/\/simoneetanna.fr\/wp-content\/uploads\/2025\/01\/cropped-cropped-Simone-anna-6-150x50.png 150w, https:\/\/simoneetanna.fr\/wp-content\/uploads\/2025\/01\/cropped-cropped-Simone-anna-6.png 1559w\" sizes=\"auto, (max-width: 1024px) 100vw, 1024px\" \/><\/figure>\n\n\n\n<div style=\"height:23px\" aria-hidden=\"true\" class=\"wp-block-spacer\"><\/div>\n\n\n\n<p class=\"has-text-align-center has-ast-global-color-3-color has-ast-global-color-1-background-color has-text-color has-background has-link-color wp-elements-b7edab9bcce3352f2e70d41fa0413fd2\" style=\"font-size:7px\"><em>Conform\u00e9ment \u00e0 l\u2019article L.1612-2 du Code de la consommation, en cas de litige, vous pouvez recourir gratuitement au service de m\u00e9diation de la consommation dont nous relevons :<\/em><br><em><strong>Soci\u00e9t\u00e9 M\u00e9diation Professionnelle (SMP)<\/strong> \u2013<em>Alteritae 5 rue Salvaing 12000 Rodez<\/em>\u2013 <a href=\"https:\/\/www.mediateur-consommation-smp.fr\" target=\"_blank\" rel=\"noopener\">https:\/\/www.mediateur-consommation-smp.fr<\/a>.<\/em><\/p>\n\n\n\n<div style=\"text-align: center;\">\n   <a rel=\"nofollow noopener\" href=\"https:\/\/www.mariages.net\" title=\"Mariages.net\" target=\"_blank\">\n      <img alt='Mariages.net' src='https:\/\/www.mariages.net\/images\/sellos\/label-partenaire--pp374757.png' style='border-width:0px;' \/>\n   <\/a>\n<\/div>\n\n\n\n<div style=\"height:30px\" aria-hidden=\"true\" class=\"wp-block-spacer\"><\/div>\n","protected":false},"excerpt":{"rendered":"<p>Nos valeurs EXCELLENCE Des services d\u2019organisation de qualit\u00e9, \u00e0 la hauteur de vos attentes. PERSONNALISATION Chaque \u00e9v\u00e9nement est unique, c&#8217;est [&hellip;]<\/p>\n","protected":false},"author":1,"featured_media":0,"parent":0,"menu_order":0,"comment_status":"closed","ping_status":"closed","template":"","meta":{"site-sidebar-layout":"no-sidebar","site-content-layout":"plain-container","ast-site-content-layout":"","site-content-style":"default","site-sidebar-style":"default","ast-global-header-display":"","ast-banner-title-visibility":"","ast-main-header-display":"","ast-hfb-above-header-display":"","ast-hfb-below-header-display":"","ast-hfb-mobile-header-display":"","site-post-title":"disabled","ast-breadcrumbs-content":"","ast-featured-img":"","footer-sml-layout":"","theme-transparent-header-meta":"enabled","adv-header-id-meta":"","stick-header-meta":"","header-above-stick-meta":"","header-main-stick-meta":"","header-below-stick-meta":"","astra-migrate-meta-layouts":"default","ast-page-background-enabled":"default","ast-page-background-meta":{"desktop":{"background-color":"var(--ast-global-color-5)","background-image":"","background-repeat":"repeat","background-position":"center center","background-size":"auto","background-attachment":"scroll","background-type":"","background-media":"","overlay-type":"","overlay-color":"","overlay-opacity":"","overlay-gradient":""},"tablet":{"background-color":"","background-image":"","background-repeat":"repeat","background-position":"center center","background-size":"auto","background-attachment":"scroll","background-type":"","background-media":"","overlay-type":"","overlay-color":"","overlay-opacity":"","overlay-gradient":""},"mobile":{"background-color":"","background-image":"","background-repeat":"repeat","background-position":"center center","background-size":"auto","background-attachment":"scroll","background-type":"","background-media":"","overlay-type":"","overlay-color":"","overlay-opacity":"","overlay-gradient":""}},"ast-content-background-meta":{"desktop":{"background-color":"var(--ast-global-color-4)","background-image":"","background-repeat":"repeat","background-position":"center center","background-size":"auto","background-attachment":"scroll","background-type":"","background-media":"","overlay-type":"","overlay-color":"","overlay-opacity":"","overlay-gradient":""},"tablet":{"background-color":"var(--ast-global-color-4)","background-image":"","background-repeat":"repeat","background-position":"center center","background-size":"auto","background-attachment":"scroll","background-type":"","background-media":"","overlay-type":"","overlay-color":"","overlay-opacity":"","overlay-gradient":""},"mobile":{"background-color":"var(--ast-global-color-4)","background-image":"","background-repeat":"repeat","background-position":"center center","background-size":"auto","background-attachment":"scroll","background-type":"","background-media":"","overlay-type":"","overlay-color":"","overlay-opacity":"","overlay-gradient":""}},"footnotes":""},"class_list":["post-13","page","type-page","status-publish","hentry"],"_links":{"self":[{"href":"https:\/\/simoneetanna.fr\/index.php\/wp-json\/wp\/v2\/pages\/13","targetHints":{"allow":["GET"]}}],"collection":[{"href":"https:\/\/simoneetanna.fr\/index.php\/wp-json\/wp\/v2\/pages"}],"about":[{"href":"https:\/\/simoneetanna.fr\/index.php\/wp-json\/wp\/v2\/types\/page"}],"author":[{"embeddable":true,"href":"https:\/\/simoneetanna.fr\/index.php\/wp-json\/wp\/v2\/users\/1"}],"replies":[{"embeddable":true,"href":"https:\/\/simoneetanna.fr\/index.php\/wp-json\/wp\/v2\/comments?post=13"}],"version-history":[{"count":227,"href":"https:\/\/simoneetanna.fr\/index.php\/wp-json\/wp\/v2\/pages\/13\/revisions"}],"predecessor-version":[{"id":1412,"href":"https:\/\/simoneetanna.fr\/index.php\/wp-json\/wp\/v2\/pages\/13\/revisions\/1412"}],"wp:attachment":[{"href":"https:\/\/simoneetanna.fr\/index.php\/wp-json\/wp\/v2\/media?parent=13"}],"curies":[{"name":"wp","href":"https:\/\/api.w.org\/{rel}","templated":true}]}}